{"id":108,"date":"2022-04-14T17:01:42","date_gmt":"2022-04-14T20:01:42","guid":{"rendered":"https:\/\/evrowebs.com\/fundacion\/?page_id=108"},"modified":"2022-04-14T17:01:42","modified_gmt":"2022-04-14T20:01:42","slug":"centro-noe-ppf","status":"publish","type":"page","link":"https:\/\/evrowebs.com\/fundacion\/centro-noe-ppf\/","title":{"rendered":"Centro No\u00e9 (PPF)"},"content":{"rendered":"\n<div class=\"wp-block-image\"><figure class=\"alignleft size-full is-resized\"><img loading=\"lazy\" src=\"https:\/\/evrowebs.com\/fundacion\/wp-content\/uploads\/2022\/04\/PIb-Noe.jpg\" alt=\"\" class=\"wp-image-93\" width=\"424\" height=\"215\" srcset=\"https:\/\/evrowebs.com\/fundacion\/wp-content\/uploads\/2022\/04\/PIb-Noe.jpg 722w, https:\/\/evrowebs.com\/fundacion\/wp-content\/uploads\/2022\/04\/PIb-Noe-300x152.jpg 300w\" sizes=\"(max-width: 424px) 100vw, 424px\" \/><\/figure><\/div>\n\n\n\n<p>Este proyecto funciona desde el 1 de Diciembre del a\u00f1o 2007. Tiene como objetivo resolver las vulneraciones de derecho asociadas a situaciones de mediana complejidad que afectan a ni\u00f1os, ni\u00f1as y\/o adolescentes de la ciudad de Punta Arenas, previniendo su cronificaci\u00f3n. Su equipo interviene profesionalmente en fortalecer las capacidades protectoras de las familias a fin de prevenir vulneraciones graves de los derechos; sin distinci\u00f3n de g\u00e9nero, religi\u00f3n, etnia, situaci\u00f3n socioecon\u00f3mica y cultural.<\/p>\n\n\n\n<p><\/p>\n\n\n\n<p>DIRECTORA: Alejandra Barrientos C\u00e1rdenas<\/p>\n\n\n\n<p>CONTACTO: centronoe@fundacionesperanza.cl<\/p>\n","protected":false},"excerpt":{"rendered":"<p>Este proyecto funciona desde el 1 de Diciembre del a\u00f1o 2007. Tiene como objetivo resolver las vulneraciones de derecho asociadas a situaciones de mediana complejidad que afectan a ni\u00f1os, ni\u00f1as y\/o adolescentes de la ciudad de Punta Arenas, previniendo su cronificaci\u00f3n. Su equipo interviene profesionalmente en fortalecer las capacidades protectoras de las familias a fin <a class=\"read-more\" href=\"https:\/\/evrowebs.com\/fundacion\/centro-noe-ppf\/\">READ MORE<\/a><\/p>\n","protected":false},"author":1,"featured_media":94,"parent":0,"menu_order":0,"comment_status":"closed","ping_status":"closed","template":"","meta":[],"_links":{"self":[{"href":"https:\/\/evrowebs.com\/fundacion\/wp-json\/wp\/v2\/pages\/108"}],"collection":[{"href":"https:\/\/evrowebs.com\/fundacion\/wp-json\/wp\/v2\/pages"}],"about":[{"href":"https:\/\/evrowebs.com\/fundacion\/wp-json\/wp\/v2\/types\/page"}],"author":[{"embeddable":true,"href":"https:\/\/evrowebs.com\/fundacion\/wp-json\/wp\/v2\/users\/1"}],"replies":[{"embeddable":true,"href":"https:\/\/evrowebs.com\/fundacion\/wp-json\/wp\/v2\/comments?post=108"}],"version-history":[{"count":1,"href":"https:\/\/evrowebs.com\/fundacion\/wp-json\/wp\/v2\/pages\/108\/revisions"}],"predecessor-version":[{"id":110,"href":"https:\/\/evrowebs.com\/fundacion\/wp-json\/wp\/v2\/pages\/108\/revisions\/110"}],"wp:featuredmedia":[{"embeddable":true,"href":"https:\/\/evrowebs.com\/fundacion\/wp-json\/wp\/v2\/media\/94"}],"wp:attachment":[{"href":"https:\/\/evrowebs.com\/fundacion\/wp-json\/wp\/v2\/media?parent=108"}],"curies":[{"name":"wp","href":"https:\/\/api.w.org\/{rel}","templated":true}]}}