{"id":118,"date":"2022-04-19T08:59:33","date_gmt":"2022-04-19T11:59:33","guid":{"rendered":"https:\/\/evrowebs.com\/fundacion\/?page_id=118"},"modified":"2022-04-19T09:02:04","modified_gmt":"2022-04-19T12:02:04","slug":"programa-medio-libre","status":"publish","type":"page","link":"https:\/\/evrowebs.com\/fundacion\/programa-medio-libre\/","title":{"rendered":"Programa Medio Libre"},"content":{"rendered":"\n<div class=\"wp-block-cover is-light has-custom-content-position is-position-bottom-center\"><span aria-hidden=\"true\" class=\"wp-block-cover__gradient-background has-background-dim\"><\/span><img loading=\"lazy\" width=\"600\" height=\"400\" class=\"wp-block-cover__image-background wp-image-127\" alt=\"\" src=\"https:\/\/evrowebs.com\/fundacion\/wp-content\/uploads\/2022\/04\/FotoEquipoMedioLibre.jpg\" style=\"object-position:50% 50%\" data-object-fit=\"cover\" data-object-position=\"50% 50%\" srcset=\"https:\/\/evrowebs.com\/fundacion\/wp-content\/uploads\/2022\/04\/FotoEquipoMedioLibre.jpg 600w, https:\/\/evrowebs.com\/fundacion\/wp-content\/uploads\/2022\/04\/FotoEquipoMedioLibre-300x200.jpg 300w\" sizes=\"(max-width: 600px) 100vw, 600px\" \/><div class=\"wp-block-cover__inner-container\">\n<p class=\"has-light-green-cyan-color has-text-color\" style=\"font-size:26px\">Este programa de Fundaci\u00f3n trabaja con dos l\u00edneas de intervenci\u00f3n para el acompa\u00f1amiento de j\u00f3venes infractores de ley o j\u00f3venes acusados de alg\u00fan delito.<\/p>\n<\/div><\/div>\n\n\n\n<p><\/p>\n\n\n\n<p>MCA: MEDIDAS CAUTELARES AMBULATORIAS:<\/p>\n\n\n\n<ul><li>Este programa busca dar acompa\u00f1ar a un adolescente, entre los 14 y los 18 a\u00f1os de edad, luego de que el Ministerio P\u00fablico ha formalizado una investigaci\u00f3n en su contra imput\u00e1ndoles haber cometido uno o m\u00e1s delitos.<\/li><li>La medida cautelar de vigilancia es ordenada por un Juez competente, respecto de adolescentes que han sido imputados de infringir la ley penal, con el objetivo de resguardarle sus derechos y garant\u00edas establecidos en la ley de responsabilidad Penal Adolescente N\u00b0 20.084.<\/li><li>Este dictamen no es una sanci\u00f3n, en tanto el o la adolescente a\u00fan no se encuentra imputado. Se decreta como medida cautelar al acompa\u00f1amiento y vigilancia por parte de una instituci\u00f3n determinada, la cual debe asegurarse de que la o el joven cumpla con los procedimientos judiciales correspondientes, en conformidad con los dispuesto en el art\u00edculo 155 letra b) del C\u00f3digo Procesal Penal.<\/li><li>Este acompa\u00f1amiento se realiza a trav\u00e9s de un programa psicol\u00f3gico y socioeducativo.<\/li><\/ul>\n\n\n\n<p>PLA: PROGRAMA DE LIBERTAD ASISTIDA:<\/p>\n\n\n\n<ul><li>La Ley N\u00ba 20.084, contempla como sanciones no privativas de libertad la de LIBERTAD ASISTIDA. La finalidad de esta sanci\u00f3n est\u00e1 dada en el control y la supervisi\u00f3n de un\/a adolescente, unido a un programa con contenidos socioeducativos.<\/li><li>A diferencia de la Medida Cautelar Ambulatoria, la Libertad Asistida es una sanci\u00f3n impuesta tras la sentencia de un juicio, declarando al imputado como culpable de un delito.<br>Una vez sancionado, el joven tiene derecho a pedir el t\u00e9rmino o cambio de una pena privativa de libertad, por una que pueda cumplir en libertad para favorecer su reinserci\u00f3n social.<\/li><li>Si bien la Ley de Responsabilidad Penal Adolescente establece un sistema de responsabilidad para los adolescentes entre 14 y 18 a\u00f1os que violen la ley penal, su principal objetivo es reinsertar a los j\u00f3venes en la sociedad a trav\u00e9s de programas especiales.<\/li><\/ul>\n\n\n\n<p><\/p>\n\n\n\n<p>DIRECTORA: Silvia Villegas<\/p>\n\n\n\n<p>TEL\u00c9FONO: (61) 2229062<br>DIRECCI\u00d3N: Chilo\u00e9 1156, interior, Punta Arenas<br>CONTACTO: mediolibre@fundacionesperanza.cl<\/p>\n","protected":false},"excerpt":{"rendered":"<p>MCA: MEDIDAS CAUTELARES AMBULATORIAS: Este programa busca dar acompa\u00f1ar a un adolescente, entre los 14 y los 18 a\u00f1os de edad, luego de que el Ministerio P\u00fablico ha formalizado una investigaci\u00f3n en su contra imput\u00e1ndoles haber cometido uno o m\u00e1s delitos. La medida cautelar de vigilancia es ordenada por un Juez competente, respecto de adolescentes <a class=\"read-more\" href=\"https:\/\/evrowebs.com\/fundacion\/programa-medio-libre\/\">READ MORE<\/a><\/p>\n","protected":false},"author":1,"featured_media":127,"parent":0,"menu_order":0,"comment_status":"closed","ping_status":"closed","template":"","meta":[],"_links":{"self":[{"href":"https:\/\/evrowebs.com\/fundacion\/wp-json\/wp\/v2\/pages\/118"}],"collection":[{"href":"https:\/\/evrowebs.com\/fundacion\/wp-json\/wp\/v2\/pages"}],"about":[{"href":"https:\/\/evrowebs.com\/fundacion\/wp-json\/wp\/v2\/types\/page"}],"author":[{"embeddable":true,"href":"https:\/\/evrowebs.com\/fundacion\/wp-json\/wp\/v2\/users\/1"}],"replies":[{"embeddable":true,"href":"https:\/\/evrowebs.com\/fundacion\/wp-json\/wp\/v2\/comments?post=118"}],"version-history":[{"count":4,"href":"https:\/\/evrowebs.com\/fundacion\/wp-json\/wp\/v2\/pages\/118\/revisions"}],"predecessor-version":[{"id":133,"href":"https:\/\/evrowebs.com\/fundacion\/wp-json\/wp\/v2\/pages\/118\/revisions\/133"}],"wp:featuredmedia":[{"embeddable":true,"href":"https:\/\/evrowebs.com\/fundacion\/wp-json\/wp\/v2\/media\/127"}],"wp:attachment":[{"href":"https:\/\/evrowebs.com\/fundacion\/wp-json\/wp\/v2\/media?parent=118"}],"curies":[{"name":"wp","href":"https:\/\/api.w.org\/{rel}","templated":true}]}}