{"id":134,"date":"2022-04-19T10:17:19","date_gmt":"2022-04-19T13:17:19","guid":{"rendered":"https:\/\/evrowebs.com\/fundacion\/?page_id=134"},"modified":"2022-04-19T10:17:19","modified_gmt":"2022-04-19T13:17:19","slug":"opd-punta-arenas","status":"publish","type":"page","link":"https:\/\/evrowebs.com\/fundacion\/opd-punta-arenas\/","title":{"rendered":"OPD Punta Arenas"},"content":{"rendered":"\n<div class=\"wp-block-image\"><figure class=\"alignleft size-full is-resized\"><img loading=\"lazy\" src=\"https:\/\/evrowebs.com\/fundacion\/wp-content\/uploads\/2022\/04\/opd2.jpg\" alt=\"\" class=\"wp-image-136\" width=\"484\" height=\"365\" srcset=\"https:\/\/evrowebs.com\/fundacion\/wp-content\/uploads\/2022\/04\/opd2.jpg 592w, https:\/\/evrowebs.com\/fundacion\/wp-content\/uploads\/2022\/04\/opd2-300x226.jpg 300w\" sizes=\"(max-width: 484px) 100vw, 484px\" \/><\/figure><\/div>\n\n\n\n<p>La Oficina de Protecci\u00f3n de Derechos Punta Arenas (OPD), tiene como principal misi\u00f3n<br>brindar protecci\u00f3n integral a los derechos de ni\u00f1os, ni\u00f1as y adolescentes de nuestra comuna,<br>mediante acciones concretas efectuadas por el equipo multidisciplinario del proyecto.<br>Adem\u00e1s, enfatizar la importancia de articular pol\u00edticas de infancia con los diversos actores de la<br>comunidad, a fin de promover y difundir, respecto a los derechos de los ni\u00f1os, ni\u00f1as y<br>adolescentes.<\/p>\n\n\n\n<p>Destacar el rol que cumple la ciudadan\u00eda como co garantes de derechos de la infancia, para lo cual<br>es importante comunicarse con la oficina<\/p>\n","protected":false},"excerpt":{"rendered":"<p>La Oficina de Protecci\u00f3n de Derechos Punta Arenas (OPD), tiene como principal misi\u00f3nbrindar protecci\u00f3n integral a los derechos de ni\u00f1os, ni\u00f1as y adolescentes de nuestra comuna,mediante acciones concretas efectuadas por el equipo multidisciplinario del proyecto.Adem\u00e1s, enfatizar la importancia de articular pol\u00edticas de infancia con los diversos actores de lacomunidad, a fin de promover y difundir, <a class=\"read-more\" href=\"https:\/\/evrowebs.com\/fundacion\/opd-punta-arenas\/\">READ MORE<\/a><\/p>\n","protected":false},"author":1,"featured_media":136,"parent":0,"menu_order":0,"comment_status":"closed","ping_status":"closed","template":"","meta":[],"_links":{"self":[{"href":"https:\/\/evrowebs.com\/fundacion\/wp-json\/wp\/v2\/pages\/134"}],"collection":[{"href":"https:\/\/evrowebs.com\/fundacion\/wp-json\/wp\/v2\/pages"}],"about":[{"href":"https:\/\/evrowebs.com\/fundacion\/wp-json\/wp\/v2\/types\/page"}],"author":[{"embeddable":true,"href":"https:\/\/evrowebs.com\/fundacion\/wp-json\/wp\/v2\/users\/1"}],"replies":[{"embeddable":true,"href":"https:\/\/evrowebs.com\/fundacion\/wp-json\/wp\/v2\/comments?post=134"}],"version-history":[{"count":1,"href":"https:\/\/evrowebs.com\/fundacion\/wp-json\/wp\/v2\/pages\/134\/revisions"}],"predecessor-version":[{"id":138,"href":"https:\/\/evrowebs.com\/fundacion\/wp-json\/wp\/v2\/pages\/134\/revisions\/138"}],"wp:featuredmedia":[{"embeddable":true,"href":"https:\/\/evrowebs.com\/fundacion\/wp-json\/wp\/v2\/media\/136"}],"wp:attachment":[{"href":"https:\/\/evrowebs.com\/fundacion\/wp-json\/wp\/v2\/media?parent=134"}],"curies":[{"name":"wp","href":"https:\/\/api.w.org\/{rel}","templated":true}]}}