{"id":139,"date":"2022-04-19T10:23:41","date_gmt":"2022-04-19T13:23:41","guid":{"rendered":"https:\/\/evrowebs.com\/fundacion\/?page_id=139"},"modified":"2022-04-19T10:23:41","modified_gmt":"2022-04-19T13:23:41","slug":"centro-residencial-madre-teresa-de-calcuta","status":"publish","type":"page","link":"https:\/\/evrowebs.com\/fundacion\/centro-residencial-madre-teresa-de-calcuta\/","title":{"rendered":"Centro Residencial Madre Teresa de Calcuta"},"content":{"rendered":"\n<div class=\"wp-block-image\"><figure class=\"alignleft size-full\"><img loading=\"lazy\" width=\"638\" height=\"350\" src=\"https:\/\/evrowebs.com\/fundacion\/wp-content\/uploads\/2022\/04\/madre-teresa-de-calcuta.jpg\" alt=\"\" class=\"wp-image-91\" srcset=\"https:\/\/evrowebs.com\/fundacion\/wp-content\/uploads\/2022\/04\/madre-teresa-de-calcuta.jpg 638w, https:\/\/evrowebs.com\/fundacion\/wp-content\/uploads\/2022\/04\/madre-teresa-de-calcuta-300x165.jpg 300w\" sizes=\"(max-width: 638px) 100vw, 638px\" \/><\/figure><\/div>\n\n\n\n<p>Se inici\u00f3 en el a\u00f1o 2002, siendo su objetivo brindar protecci\u00f3n y mejoramiento en la calidad general de vida a lactantes, ni\u00f1os, ni\u00f1as y adolescentes de la provincia de \u00daltima Esperanza, separados de su medio familiar, debido a la grave vulneraci\u00f3n de sus derechos.<\/p>\n\n\n\n<p><\/p>\n\n\n\n<p>DIRECTORA: Daniela Ponce<\/p>\n\n\n\n<p>TEL\u00c9FONO: (61) 2411045<br>CONTACTO: calcuta@fundacionesperanza.cl<\/p>\n","protected":false},"excerpt":{"rendered":"<p>Se inici\u00f3 en el a\u00f1o 2002, siendo su objetivo brindar protecci\u00f3n y mejoramiento en la calidad general de vida a lactantes, ni\u00f1os, ni\u00f1as y adolescentes de la provincia de \u00daltima Esperanza, separados de su medio familiar, debido a la grave vulneraci\u00f3n de sus derechos. DIRECTORA: Daniela Ponce TEL\u00c9FONO: (61) 2411045CONTACTO: calcuta@fundacionesperanza.cl<\/p>\n","protected":false},"author":1,"featured_media":91,"parent":0,"menu_order":0,"comment_status":"closed","ping_status":"closed","template":"","meta":[],"_links":{"self":[{"href":"https:\/\/evrowebs.com\/fundacion\/wp-json\/wp\/v2\/pages\/139"}],"collection":[{"href":"https:\/\/evrowebs.com\/fundacion\/wp-json\/wp\/v2\/pages"}],"about":[{"href":"https:\/\/evrowebs.com\/fundacion\/wp-json\/wp\/v2\/types\/page"}],"author":[{"embeddable":true,"href":"https:\/\/evrowebs.com\/fundacion\/wp-json\/wp\/v2\/users\/1"}],"replies":[{"embeddable":true,"href":"https:\/\/evrowebs.com\/fundacion\/wp-json\/wp\/v2\/comments?post=139"}],"version-history":[{"count":1,"href":"https:\/\/evrowebs.com\/fundacion\/wp-json\/wp\/v2\/pages\/139\/revisions"}],"predecessor-version":[{"id":141,"href":"https:\/\/evrowebs.com\/fundacion\/wp-json\/wp\/v2\/pages\/139\/revisions\/141"}],"wp:featuredmedia":[{"embeddable":true,"href":"https:\/\/evrowebs.com\/fundacion\/wp-json\/wp\/v2\/media\/91"}],"wp:attachment":[{"href":"https:\/\/evrowebs.com\/fundacion\/wp-json\/wp\/v2\/media?parent=139"}],"curies":[{"name":"wp","href":"https:\/\/api.w.org\/{rel}","templated":true}]}}