{"id":142,"date":"2022-04-19T10:45:27","date_gmt":"2022-04-19T13:45:27","guid":{"rendered":"https:\/\/evrowebs.com\/fundacion\/?page_id=142"},"modified":"2022-04-19T10:45:27","modified_gmt":"2022-04-19T13:45:27","slug":"oficina-de-proteccion-de-derechos-opd","status":"publish","type":"page","link":"https:\/\/evrowebs.com\/fundacion\/oficina-de-proteccion-de-derechos-opd\/","title":{"rendered":"Oficina de Protecci\u00f3n de Derechos (OPD)\u00a0"},"content":{"rendered":"\n<div class=\"wp-block-image\"><figure class=\"alignleft size-full is-resized\"><img loading=\"lazy\" src=\"https:\/\/evrowebs.com\/fundacion\/wp-content\/uploads\/2022\/04\/opd-natales.jpg\" alt=\"\" class=\"wp-image-92\" width=\"561\" height=\"316\" srcset=\"https:\/\/evrowebs.com\/fundacion\/wp-content\/uploads\/2022\/04\/opd-natales.jpg 640w, https:\/\/evrowebs.com\/fundacion\/wp-content\/uploads\/2022\/04\/opd-natales-300x169.jpg 300w\" sizes=\"(max-width: 561px) 100vw, 561px\" \/><\/figure><\/div>\n\n\n\n<p>Esta oficina nace en el a\u00f1o 2006, con el fin de desarrollar en la comuna de Puerto Natales acciones sistem\u00e1ticas y estructuradas de protecci\u00f3n y defensa de los derechos de los ni\u00f1os, ni\u00f1as y adolescentes, potenciando la conformaci\u00f3n de un sistema local de protecci\u00f3n. Su objetivo es realizar acciones encaminadas a otorgar protecci\u00f3n integral de los derechos de los ni\u00f1os, ni\u00f1as y adolescentes, a contribuir a la generaci\u00f3n de las condiciones que favorezcan una cultura de reconocimiento y al respecto de los derechos de la infancia.<\/p>\n\n\n\n<p>DIRECTORA: Dinelly Pradena Contreras<\/p>\n\n\n\n<p>CONTACTO: opdnatales@fundacionesperanza.cl<\/p>\n","protected":false},"excerpt":{"rendered":"<p>Esta oficina nace en el a\u00f1o 2006, con el fin de desarrollar en la comuna de Puerto Natales acciones sistem\u00e1ticas y estructuradas de protecci\u00f3n y defensa de los derechos de los ni\u00f1os, ni\u00f1as y adolescentes, potenciando la conformaci\u00f3n de un sistema local de protecci\u00f3n. Su objetivo es realizar acciones encaminadas a otorgar protecci\u00f3n integral de <a class=\"read-more\" href=\"https:\/\/evrowebs.com\/fundacion\/oficina-de-proteccion-de-derechos-opd\/\">READ MORE<\/a><\/p>\n","protected":false},"author":1,"featured_media":92,"parent":0,"menu_order":0,"comment_status":"closed","ping_status":"closed","template":"","meta":[],"_links":{"self":[{"href":"https:\/\/evrowebs.com\/fundacion\/wp-json\/wp\/v2\/pages\/142"}],"collection":[{"href":"https:\/\/evrowebs.com\/fundacion\/wp-json\/wp\/v2\/pages"}],"about":[{"href":"https:\/\/evrowebs.com\/fundacion\/wp-json\/wp\/v2\/types\/page"}],"author":[{"embeddable":true,"href":"https:\/\/evrowebs.com\/fundacion\/wp-json\/wp\/v2\/users\/1"}],"replies":[{"embeddable":true,"href":"https:\/\/evrowebs.com\/fundacion\/wp-json\/wp\/v2\/comments?post=142"}],"version-history":[{"count":1,"href":"https:\/\/evrowebs.com\/fundacion\/wp-json\/wp\/v2\/pages\/142\/revisions"}],"predecessor-version":[{"id":144,"href":"https:\/\/evrowebs.com\/fundacion\/wp-json\/wp\/v2\/pages\/142\/revisions\/144"}],"wp:featuredmedia":[{"embeddable":true,"href":"https:\/\/evrowebs.com\/fundacion\/wp-json\/wp\/v2\/media\/92"}],"wp:attachment":[{"href":"https:\/\/evrowebs.com\/fundacion\/wp-json\/wp\/v2\/media?parent=142"}],"curies":[{"name":"wp","href":"https:\/\/api.w.org\/{rel}","templated":true}]}}