{"id":145,"date":"2022-04-19T10:47:32","date_gmt":"2022-04-19T13:47:32","guid":{"rendered":"https:\/\/evrowebs.com\/fundacion\/?page_id=145"},"modified":"2022-04-19T10:47:45","modified_gmt":"2022-04-19T13:47:45","slug":"tomas-apostol-ppf","status":"publish","type":"page","link":"https:\/\/evrowebs.com\/fundacion\/tomas-apostol-ppf\/","title":{"rendered":"Tom\u00e1s Apostol (PPF)"},"content":{"rendered":"\n<div class=\"wp-block-image\"><figure class=\"alignleft size-full is-resized\"><img loading=\"lazy\" src=\"https:\/\/evrowebs.com\/fundacion\/wp-content\/uploads\/2022\/04\/ppf-tomas-apostol.jpg\" alt=\"\" class=\"wp-image-96\" width=\"383\" height=\"287\" srcset=\"https:\/\/evrowebs.com\/fundacion\/wp-content\/uploads\/2022\/04\/ppf-tomas-apostol.jpg 640w, https:\/\/evrowebs.com\/fundacion\/wp-content\/uploads\/2022\/04\/ppf-tomas-apostol-300x225.jpg 300w\" sizes=\"(max-width: 383px) 100vw, 383px\" \/><\/figure><\/div>\n\n\n\n<p>Este programa de Prevenci\u00f3n Focalizada (PPF) se inicia en el a\u00f1o 2007, atendiendo a ni\u00f1os, ni\u00f1as y adolescentes de la provincia de Tierra del Fuego, afectados por vulneraciones de derechos.<\/p>\n\n\n\n<p><\/p>\n\n\n\n<p>DIRECTORA: Carmen Sekulovic<\/p>\n\n\n\n<p>CONTACTO: tomasapostol@fundacionesperanza.cl<\/p>\n","protected":false},"excerpt":{"rendered":"<p>Este programa de Prevenci\u00f3n Focalizada (PPF) se inicia en el a\u00f1o 2007, atendiendo a ni\u00f1os, ni\u00f1as y adolescentes de la provincia de Tierra del Fuego, afectados por vulneraciones de derechos. DIRECTORA: Carmen Sekulovic CONTACTO: tomasapostol@fundacionesperanza.cl<\/p>\n","protected":false},"author":1,"featured_media":96,"parent":0,"menu_order":0,"comment_status":"closed","ping_status":"closed","template":"","meta":[],"_links":{"self":[{"href":"https:\/\/evrowebs.com\/fundacion\/wp-json\/wp\/v2\/pages\/145"}],"collection":[{"href":"https:\/\/evrowebs.com\/fundacion\/wp-json\/wp\/v2\/pages"}],"about":[{"href":"https:\/\/evrowebs.com\/fundacion\/wp-json\/wp\/v2\/types\/page"}],"author":[{"embeddable":true,"href":"https:\/\/evrowebs.com\/fundacion\/wp-json\/wp\/v2\/users\/1"}],"replies":[{"embeddable":true,"href":"https:\/\/evrowebs.com\/fundacion\/wp-json\/wp\/v2\/comments?post=145"}],"version-history":[{"count":2,"href":"https:\/\/evrowebs.com\/fundacion\/wp-json\/wp\/v2\/pages\/145\/revisions"}],"predecessor-version":[{"id":148,"href":"https:\/\/evrowebs.com\/fundacion\/wp-json\/wp\/v2\/pages\/145\/revisions\/148"}],"wp:featuredmedia":[{"embeddable":true,"href":"https:\/\/evrowebs.com\/fundacion\/wp-json\/wp\/v2\/media\/96"}],"wp:attachment":[{"href":"https:\/\/evrowebs.com\/fundacion\/wp-json\/wp\/v2\/media?parent=145"}],"curies":[{"name":"wp","href":"https:\/\/api.w.org\/{rel}","templated":true}]}}