{"id":56,"date":"2022-04-13T14:59:30","date_gmt":"2022-04-13T17:59:30","guid":{"rendered":"https:\/\/evrowebs.com\/fundacion\/?page_id=56"},"modified":"2022-04-13T14:59:30","modified_gmt":"2022-04-13T17:59:30","slug":"directorio-ejecutivo","status":"publish","type":"page","link":"https:\/\/evrowebs.com\/fundacion\/directorio-ejecutivo\/","title":{"rendered":"Directorio Ejecutivo"},"content":{"rendered":"\n<ul class=\"has-medium-font-size\"><li>Director Ejecutivo Fundaci\u00f3n Esperanza, <strong>Asterio Andrade Gallardo<\/strong><\/li><li>Asesor Financiero, <strong>Bessie Cordova Albayay<\/strong><\/li><li>Asesor Legal, <strong>Eduardo Burgos Ojeda<\/strong><\/li><li>Asesor de Proyectos, <strong>Mabel Toledo Villarroel<\/strong><\/li><li>Periodista, <strong>Andrea Monreal<\/strong><\/li><li>Contador, <strong>Mar\u00eda E C\u00e1rdenas Z\u00fa\u00f1iga<\/strong> \u00a0\u00a0<\/li><\/ul>\n\n\n\n<p><\/p>\n","protected":false},"excerpt":{"rendered":"<p>Director Ejecutivo Fundaci\u00f3n Esperanza, Asterio Andrade Gallardo Asesor Financiero, Bessie Cordova Albayay Asesor Legal, Eduardo Burgos Ojeda Asesor de Proyectos, Mabel Toledo Villarroel Periodista, Andrea Monreal Contador, Mar\u00eda E C\u00e1rdenas Z\u00fa\u00f1iga \u00a0\u00a0<\/p>\n","protected":false},"author":1,"featured_media":0,"parent":0,"menu_order":0,"comment_status":"closed","ping_status":"closed","template":"","meta":[],"_links":{"self":[{"href":"https:\/\/evrowebs.com\/fundacion\/wp-json\/wp\/v2\/pages\/56"}],"collection":[{"href":"https:\/\/evrowebs.com\/fundacion\/wp-json\/wp\/v2\/pages"}],"about":[{"href":"https:\/\/evrowebs.com\/fundacion\/wp-json\/wp\/v2\/types\/page"}],"author":[{"embeddable":true,"href":"https:\/\/evrowebs.com\/fundacion\/wp-json\/wp\/v2\/users\/1"}],"replies":[{"embeddable":true,"href":"https:\/\/evrowebs.com\/fundacion\/wp-json\/wp\/v2\/comments?post=56"}],"version-history":[{"count":1,"href":"https:\/\/evrowebs.com\/fundacion\/wp-json\/wp\/v2\/pages\/56\/revisions"}],"predecessor-version":[{"id":57,"href":"https:\/\/evrowebs.com\/fundacion\/wp-json\/wp\/v2\/pages\/56\/revisions\/57"}],"wp:attachment":[{"href":"https:\/\/evrowebs.com\/fundacion\/wp-json\/wp\/v2\/media?parent=56"}],"curies":[{"name":"wp","href":"https:\/\/api.w.org\/{rel}","templated":true}]}}