{"id":59,"date":"2022-04-13T15:07:46","date_gmt":"2022-04-13T18:07:46","guid":{"rendered":"https:\/\/evrowebs.com\/fundacion\/?page_id=59"},"modified":"2022-04-13T15:07:46","modified_gmt":"2022-04-13T18:07:46","slug":"historia","status":"publish","type":"page","link":"https:\/\/evrowebs.com\/fundacion\/historia\/","title":{"rendered":"Historia"},"content":{"rendered":"\n<div class=\"wp-block-image\"><figure class=\"alignleft size-full is-resized\"><img loading=\"lazy\" src=\"https:\/\/evrowebs.com\/fundacion\/wp-content\/uploads\/2022\/04\/minilogo-150x150-1.png\" alt=\"\" class=\"wp-image-61\" width=\"188\" height=\"188\"\/><\/figure><\/div>\n\n\n\n<p>En nuestro pa\u00eds, el a\u00f1o 1992, el 37.7 %, de la poblaci\u00f3n total eran menores de 18 a\u00f1os. A nivel nacional, el 53.6% de los menores de 14 a\u00f1os se encontraban bajo la l\u00ednea de la pobreza, incluyendo un 20.3%, en situaci\u00f3n de indigencia, seg\u00fan datos de la UNICEF.<\/p>\n\n\n\n<p>Nuestra regi\u00f3n no estaba exenta de esta realidad, ni\u00f1os, ni\u00f1as y j\u00f3venes de Magallanes tambi\u00e9n se encontraban en esta situaci\u00f3n de pobreza, y los problemas derivados de esta condici\u00f3n, la droga, el alcohol, la delincuencia y abandono, se hicieron presente. La marginalidad que los afectaba, motiv\u00f3 a la Iglesia Cat\u00f3lica a crear un organismo que promoviera y ejecutara, precisamente, iniciativas tendientes a lograr la reinserci\u00f3n en la sociedad de este grupo etario.<\/p>\n\n\n\n<p>Fue as\u00ed como en el a\u00f1o 1992, consciente de esta necesidad y a instancias del Padre Obispo Tom\u00e1s Gonz\u00e1lez, se cre\u00f3 la Fundaci\u00f3n Esperanza. La Di\u00f3cesis de Punta Arenas, asume junto a un grupo de laicos el compromiso de acoger y formar integralmente a estos ni\u00f1os, ni\u00f1as y j\u00f3venes vulnerados.<\/p>\n\n\n\n<p>Para lograr esta finalidad se pens\u00f3 en acciones espec\u00edficas como la de educar, rehabilitar y recrear a sus futuros beneficiarios. Para ello se comenzaron a ejecutar programas como el de \u201cLibertad Vigilada\u201d, \u201cMiguel Magone\u201d, \u201cTel\u00e9fono Amigo\u201d, y la instalaci\u00f3n de un \u201cCentro de Rehabilitaci\u00f3n Conductual\u201d.<\/p>\n\n\n\n<p>Es as\u00ed como a partir de ese a\u00f1o, se comenz\u00f3 a promover, impulsar y participar a trav\u00e9s de convenios con instituciones p\u00fablicas y privadas, iniciativas tendientes a lograr los fines para los cuales fue creada.<\/p>\n\n\n\n<p>Desde entonces ya han transcurrido 19 a\u00f1os de trabajo a favor de la infancia y adolescencia. Hoy son nuevos los desaf\u00edos, problem\u00e1ticas entre otras, como el abuso sexual y maltrato infantil y la deserci\u00f3n escolar, nos han llevado a expandir nuestros l\u00edmites y conocimiento, haci\u00e9ndonos cargo de un n\u00famero importante de j\u00f3venes y ni\u00f1os de la regi\u00f3n vulnerados en sus derechos.<\/p>\n\n\n\n<p>El Estado de Chile, nos ha hecho depositaria de esta funci\u00f3n, la que hemos asumido con compromiso y profesionalismo. Somos un referente en nuestra regi\u00f3n en materia infanto-juvenil, y estamos dispuestos a seguir creciendo.<\/p>\n","protected":false},"excerpt":{"rendered":"<p>En nuestro pa\u00eds, el a\u00f1o 1992, el 37.7 %, de la poblaci\u00f3n total eran menores de 18 a\u00f1os. A nivel nacional, el 53.6% de los menores de 14 a\u00f1os se encontraban bajo la l\u00ednea de la pobreza, incluyendo un 20.3%, en situaci\u00f3n de indigencia, seg\u00fan datos de la UNICEF. Nuestra regi\u00f3n no estaba exenta de <a class=\"read-more\" href=\"https:\/\/evrowebs.com\/fundacion\/historia\/\">READ MORE<\/a><\/p>\n","protected":false},"author":1,"featured_media":9,"parent":0,"menu_order":0,"comment_status":"closed","ping_status":"closed","template":"","meta":[],"_links":{"self":[{"href":"https:\/\/evrowebs.com\/fundacion\/wp-json\/wp\/v2\/pages\/59"}],"collection":[{"href":"https:\/\/evrowebs.com\/fundacion\/wp-json\/wp\/v2\/pages"}],"about":[{"href":"https:\/\/evrowebs.com\/fundacion\/wp-json\/wp\/v2\/types\/page"}],"author":[{"embeddable":true,"href":"https:\/\/evrowebs.com\/fundacion\/wp-json\/wp\/v2\/users\/1"}],"replies":[{"embeddable":true,"href":"https:\/\/evrowebs.com\/fundacion\/wp-json\/wp\/v2\/comments?post=59"}],"version-history":[{"count":2,"href":"https:\/\/evrowebs.com\/fundacion\/wp-json\/wp\/v2\/pages\/59\/revisions"}],"predecessor-version":[{"id":63,"href":"https:\/\/evrowebs.com\/fundacion\/wp-json\/wp\/v2\/pages\/59\/revisions\/63"}],"wp:featuredmedia":[{"embeddable":true,"href":"https:\/\/evrowebs.com\/fundacion\/wp-json\/wp\/v2\/media\/9"}],"wp:attachment":[{"href":"https:\/\/evrowebs.com\/fundacion\/wp-json\/wp\/v2\/media?parent=59"}],"curies":[{"name":"wp","href":"https:\/\/api.w.org\/{rel}","templated":true}]}}