{"id":64,"date":"2022-04-13T15:12:50","date_gmt":"2022-04-13T18:12:50","guid":{"rendered":"https:\/\/evrowebs.com\/fundacion\/?page_id=64"},"modified":"2022-04-19T10:59:42","modified_gmt":"2022-04-19T13:59:42","slug":"nuestra-esperanza","status":"publish","type":"page","link":"https:\/\/evrowebs.com\/fundacion\/nuestra-esperanza\/","title":{"rendered":"Nuestra Esperanza"},"content":{"rendered":"\n<div class=\"wp-block-image\"><figure class=\"alignleft size-full is-resized\"><img loading=\"lazy\" src=\"https:\/\/evrowebs.com\/fundacion\/wp-content\/uploads\/2022\/04\/cropped-minilogo-150x150-3-150x150-2.png\" alt=\"\" class=\"wp-image-76\" width=\"144\" height=\"144\"\/><\/figure><\/div>\n\n\n\n<p class=\"has-medium-font-size\">Es una instituci\u00f3n sin fines de lucro que trabaja hace m\u00e1s de 25 a\u00f1os &nbsp;con programas de apoyo a ni\u00f1os, ni\u00f1as y adolescentes que han vivido situaciones de maltrato, abuso o vulneraci\u00f3n de derechos, y j\u00f3venes infractores de&nbsp;ley, con el objetivo de apoyar la reparaci\u00f3n del da\u00f1o, la la reinserci\u00f3n social y construir una comunidad m\u00e1s sensible, solidaria y justa.&nbsp;<\/p>\n\n\n\n<figure class=\"wp-block-pullquote\" style=\"font-size:14px;font-style:italic;font-weight:300\"><blockquote><p><strong>Nuestra Visi\u00f3n<\/strong><\/p><cite>es una regi\u00f3n bien tratante, que proteja a los ni\u00f1os ni\u00f1as y adolescentes, promueva sus derechos y brinde oportunidades de reinserci\u00f3n a personas en contextos de vulnerabilidad.<\/cite><\/blockquote><\/figure>\n\n\n\n<figure class=\"wp-block-pullquote\" style=\"font-size:14px;font-style:italic;font-weight:300\"><blockquote><p><strong>Nuestra Misi\u00f3n<\/strong><\/p><cite>es apoyar con programas de protecci\u00f3n especializada a ni\u00f1os, ni\u00f1as y adolescentes que viven situaciones de vulneraci\u00f3n o exclusi\u00f3n, con el objetivo de construir una sociedad que proteja a quienes necesitan, promueva sus derechos, integre y no discrimine.<\/cite><\/blockquote><\/figure>\n\n\n\n<p><\/p>\n","protected":false},"excerpt":{"rendered":"<p>Es una instituci\u00f3n sin fines de lucro que trabaja hace m\u00e1s de 25 a\u00f1os &nbsp;con programas de apoyo a ni\u00f1os, ni\u00f1as y adolescentes que han vivido situaciones de maltrato, abuso o vulneraci\u00f3n de derechos, y j\u00f3venes infractores de&nbsp;ley, con el objetivo de apoyar la reparaci\u00f3n del da\u00f1o, la la reinserci\u00f3n social y construir una comunidad <a class=\"read-more\" href=\"https:\/\/evrowebs.com\/fundacion\/nuestra-esperanza\/\">READ MORE<\/a><\/p>\n","protected":false},"author":1,"featured_media":70,"parent":0,"menu_order":0,"comment_status":"closed","ping_status":"closed","template":"template-full-width.php","meta":[],"_links":{"self":[{"href":"https:\/\/evrowebs.com\/fundacion\/wp-json\/wp\/v2\/pages\/64"}],"collection":[{"href":"https:\/\/evrowebs.com\/fundacion\/wp-json\/wp\/v2\/pages"}],"about":[{"href":"https:\/\/evrowebs.com\/fundacion\/wp-json\/wp\/v2\/types\/page"}],"author":[{"embeddable":true,"href":"https:\/\/evrowebs.com\/fundacion\/wp-json\/wp\/v2\/users\/1"}],"replies":[{"embeddable":true,"href":"https:\/\/evrowebs.com\/fundacion\/wp-json\/wp\/v2\/comments?post=64"}],"version-history":[{"count":8,"href":"https:\/\/evrowebs.com\/fundacion\/wp-json\/wp\/v2\/pages\/64\/revisions"}],"predecessor-version":[{"id":151,"href":"https:\/\/evrowebs.com\/fundacion\/wp-json\/wp\/v2\/pages\/64\/revisions\/151"}],"wp:featuredmedia":[{"embeddable":true,"href":"https:\/\/evrowebs.com\/fundacion\/wp-json\/wp\/v2\/media\/70"}],"wp:attachment":[{"href":"https:\/\/evrowebs.com\/fundacion\/wp-json\/wp\/v2\/media?parent=64"}],"curies":[{"name":"wp","href":"https:\/\/api.w.org\/{rel}","templated":true}]}}