{"id":81,"date":"2022-04-14T16:26:57","date_gmt":"2022-04-14T19:26:57","guid":{"rendered":"https:\/\/evrowebs.com\/fundacion\/?page_id=81"},"modified":"2022-04-14T16:30:49","modified_gmt":"2022-04-14T19:30:49","slug":"programa-fundacion-esperanza-pib","status":"publish","type":"page","link":"https:\/\/evrowebs.com\/fundacion\/programa-fundacion-esperanza-pib\/","title":{"rendered":"Programa Fundaci\u00f3n Esperanza (PIB)"},"content":{"rendered":"\n<div class=\"wp-block-image\"><figure class=\"alignleft size-full\"><img loading=\"lazy\" width=\"300\" height=\"200\" src=\"https:\/\/evrowebs.com\/fundacion\/wp-content\/uploads\/2022\/04\/ppfporvenir.jpg\" alt=\"\" class=\"wp-image-95\"\/><\/figure><\/div>\n\n\n\n<p>Este centro inicia sus funciones a contar del 14 de octubre del a\u00f1o 2011, con la finalidad de incorporarse a la oferta program\u00e1tica &nbsp;de la red SENAME, presentando una cobertura de 53 plazas.<\/p>\n\n\n\n<p>En este centro se atiende a ni\u00f1os, ni\u00f1as y adolescentes entre 0 y 18 a\u00f1os, junto a sus familias o referentes protectores, con problem\u00e1ticas familiares asociadas a situaciones de mediana complejidad, quienes reciben atenci\u00f3n psicosocial orientada a la habilitaci\u00f3n y fortalecimiento de sus competencias parentales.<\/p>\n\n\n\n<p><\/p>\n\n\n\n<p><strong>Sus objetivos son:&nbsp;<\/strong><\/p>\n\n\n\n<ul style=\"font-size:16px\"><li>Desarrollar factores protectores, que potencien habilidades conductuales, cognitivas, emocionales con los ni\u00f1os y ni\u00f1as.<\/li><li>Favorecer el desarrollo de competencias parentales en las personas adultas significativas de los ni\u00f1os, ni\u00f1as y adolescentes.<\/li><li>Promover la incorporaci\u00f3n de actores territoriales relevantes como garantes de derecho, para la soluci\u00f3n de las vulneraciones detectadas y su sutentabilidad.<\/li><li>Generar instancias de participaci\u00f3n en actividades recreativas y culturales para ni\u00f1os, ni\u00f1as y adolescentes, principalmente los usuarios del proyecto.<\/li><\/ul>\n\n\n\n<p>Todo esto a trav\u00e9s de un enfoques ecol\u00f3gico, de derecho, sist\u00e9mico e interdisciplinario. Adem\u00e1s de los enfoques mencionados, el trabajo se lleva a cabo de manera transversal de acuerdo a las variables de g\u00e9nero, interculturalidad y necesidades educativas especiales, respetando el contexto de diversidad siempre presente en nuestra sociedad.<\/p>\n\n\n\n<p><\/p>\n\n\n\n<p>DIRECTOR: Roberto Herrera<\/p>\n\n\n\n<p>CONTACTO:&nbsp;<a href=\"mailto:pibfundacionesperanza@gmail.com\">pibfundacionesperanza@gmail.com<\/a><\/p>\n","protected":false},"excerpt":{"rendered":"<p>Este centro inicia sus funciones a contar del 14 de octubre del a\u00f1o 2011, con la finalidad de incorporarse a la oferta program\u00e1tica &nbsp;de la red SENAME, presentando una cobertura de 53 plazas. En este centro se atiende a ni\u00f1os, ni\u00f1as y adolescentes entre 0 y 18 a\u00f1os, junto a sus familias o referentes protectores, <a class=\"read-more\" href=\"https:\/\/evrowebs.com\/fundacion\/programa-fundacion-esperanza-pib\/\">READ MORE<\/a><\/p>\n","protected":false},"author":1,"featured_media":95,"parent":0,"menu_order":0,"comment_status":"closed","ping_status":"closed","template":"","meta":[],"_links":{"self":[{"href":"https:\/\/evrowebs.com\/fundacion\/wp-json\/wp\/v2\/pages\/81"}],"collection":[{"href":"https:\/\/evrowebs.com\/fundacion\/wp-json\/wp\/v2\/pages"}],"about":[{"href":"https:\/\/evrowebs.com\/fundacion\/wp-json\/wp\/v2\/types\/page"}],"author":[{"embeddable":true,"href":"https:\/\/evrowebs.com\/fundacion\/wp-json\/wp\/v2\/users\/1"}],"replies":[{"embeddable":true,"href":"https:\/\/evrowebs.com\/fundacion\/wp-json\/wp\/v2\/comments?post=81"}],"version-history":[{"count":3,"href":"https:\/\/evrowebs.com\/fundacion\/wp-json\/wp\/v2\/pages\/81\/revisions"}],"predecessor-version":[{"id":104,"href":"https:\/\/evrowebs.com\/fundacion\/wp-json\/wp\/v2\/pages\/81\/revisions\/104"}],"wp:featuredmedia":[{"embeddable":true,"href":"https:\/\/evrowebs.com\/fundacion\/wp-json\/wp\/v2\/media\/95"}],"wp:attachment":[{"href":"https:\/\/evrowebs.com\/fundacion\/wp-json\/wp\/v2\/media?parent=81"}],"curies":[{"name":"wp","href":"https:\/\/api.w.org\/{rel}","templated":true}]}}